{"id":731,"date":"2018-01-04T08:13:17","date_gmt":"2018-01-04T08:13:17","guid":{"rendered":"http:\/\/orkan.edge-themes.com\/?page_id=731"},"modified":"2021-01-05T03:43:54","modified_gmt":"2021-01-05T03:43:54","slug":"by-shiloh","status":"publish","type":"page","link":"https:\/\/quorumgraphics.com\/index.php\/by-shiloh\/","title":{"rendered":"by Shiloh"},"content":{"rendered":"<div class=\"wpb-content-wrapper\"><p>[vc_row][vc_column]<div class=\"edgtf-portfolio-full-screen-slider-holder\"><div class=\"edgtf-portfolio-list-holder edgtf-pl-gallery edgtf-no-space edgtf-pl-one-column edgtf-pl-full-screen    edgtf-pl-pag-no-pagination      edgtf-nav-light-skin  \"  data-type=gallery data-number-of-columns=1 data-space-between-items=no data-number-of-items=6 data-image-proportions=full data-enable-fixed-proportions=no data-enable-image-shadow=no data-category=photography data-orderby=date data-order=ASC data-item-style=full-screen data-enable-title=yes data-title-tag=h4 data-enable-category=yes data-enable-count-images=yes data-enable-excerpt=no data-excerpt-length=20 data-pagination-type=no-pagination data-filter=no data-filter-order-by=name data-enable-article-animation=no data-portfolio-slider-on=yes data-enable-loop=yes data-enable-autoplay=yes data-slider-speed=5000 data-slider-speed-animation=600 data-enable-auto-width=no data-enable-predefined-responsive=no data-enable-mousewheel-scroll=yes data-vertical-sliding=yes data-enable-navigation=yes data-navigation-skin=light data-enable-pagination=yes data-max-num-pages=1 data-next-page=2>\n\t\t<div class=\"edgtf-pl-inner edgtf-outer-space edgtf-pfs-slider clearfix\">\n\t\t\t\t\t<div class=\"swiper-container\"><div class=\"swiper-wrapper\">\n\t\t\t\t<article class=\"edgtf-pl-item edgtf-item-space  swiper-slide post-735 portfolio-item type-portfolio-item status-publish has-post-thumbnail hentry portfolio-category-photography portfolio-tag-creative\">\n\t<div class=\"edgtf-pl-item-inner\">\n\t\t<div class=\"edgtf-pli-image\" style=\"background-image:url(https:\/\/quorumgraphics.com\/wp-content\/uploads\/2018\/01\/thiacineFB.jpg)\"><\/div>\n<div class=\"edgtf-pli-text-holder\">\n\t<div class=\"edgtf-pli-text-wrapper\">\n\t\t<div class=\"edgtf-pli-text\">\n\t\t\t<div class=\"edgtf-pli-text-inner\">\n\t\t\t\t<a class=\"edgtf-pli-up-arrow\" href=\"#\"><i class=\"fa fa fa-chevron-up\"><\/i><\/a>\n\t\t\t\t<h2 itemprop=\"name\" class=\"edgtf-pli-title entry-title\"><a href=\"https:\/\/quorumgraphics.com\/index.php\/portfolio-item\/shadow-play\/\">De estudio<\/a><\/h2>\n\t\t\t\t\n\t\t\t\t<div class=\"edgtf-pli-date\">January 4, 2018<\/div>\n\t\t\t\t\n\t\t\t\t<div class=\"edgtf-pli-info-holder\">\n\t\t\t\t\t\t\t\t\t\t\t<p itemprop=\"description\" class=\"edgtf-pli-excerpt\">Lorem ipsum dolor sit amet, conse uer adipiscing elit, sed diam nonum nibhie euismod. Facilisis at vero eros et msan et <\/p>\n\t\t\t\t\t\t\t\t\t\t\n\t\t\t\t\t\t\t\t\t\t\t<div class=\"edgtf-pli-category-info edgtf-pli-info\">\n\t\t\t\t\t\t\t<h5 class=\"edgtf-pli-info-title\">Category:<\/h5>\n\t\t\t\t\t\t\t<p>\n\t\t\t\t\t\t\t\t\t\t\t\t\t\t\t\t\t<a itemprop=\"url\" href=\"https:\/\/quorumgraphics.com\/index.php\/portfolio-category\/photography\/\">Photography<\/a>\n\t\t\t\t\t\t\t\t\t\t\t\t\t\t\t<\/p>\n\t\t\t\t\t\t<\/div>\n\t\t\t\t\t\t\t\t\t\t\n\t\t\t\t\t<div class=\"edgtf-pli-date-info edgtf-pli-info\">\n\t\t\t\t\t\t<h5 class=\"edgtf-pli-info-title\">Date:<\/h5>\n\t\t\t\t\t\t<p>January 4, 2018<\/p>\n\t\t\t\t\t<\/div>\n\t\t\t\t\t\n\t\t\t\t\t\t\t\t\t\t\t<div class=\"edgtf-pli-tag-info edgtf-pli-info\">\n\t\t\t\t\t\t\t<h5 class=\"edgtf-pli-info-title\">Tag:<\/h5>\n\t\t\t\t\t\t\t<p>\n\t\t\t\t\t\t\t\t\t\t\t\t\t\t\t\t\t<a itemprop=\"url\" href=\"https:\/\/quorumgraphics.com\/index.php\/portfolio-tag\/creative\/\">Creative<\/a>\n\t\t\t\t\t\t\t\t\t\t\t\t\t\t\t<\/p>\n\t\t\t\t\t\t<\/div>\n\t\t\t\t\t\t\t\t\t\t\n\t\t\t\t\t\t\t\t\t<\/div>\n\t\t\t<\/div>\n\t\t<\/div>\n\t<\/div>\n<\/div>\n\t\t<a itemprop=\"url\" class=\"edgtf-pli-link edgtf-block-drag-link\" href=\"https:\/\/quorumgraphics.com\/index.php\/portfolio-item\/shadow-play\/\" target=\"_self\"><\/a>\n\t<\/div>\n<\/article><article class=\"edgtf-pl-item edgtf-item-space  swiper-slide post-736 portfolio-item type-portfolio-item status-publish has-post-thumbnail hentry portfolio-category-photography portfolio-tag-creative\">\n\t<div class=\"edgtf-pl-item-inner\">\n\t\t<div class=\"edgtf-pli-image\" style=\"background-image:url(https:\/\/quorumgraphics.com\/wp-content\/uploads\/2018\/01\/pantalon-santa-fe.jpg)\"><\/div>\n<div class=\"edgtf-pli-text-holder\">\n\t<div class=\"edgtf-pli-text-wrapper\">\n\t\t<div class=\"edgtf-pli-text\">\n\t\t\t<div class=\"edgtf-pli-text-inner\">\n\t\t\t\t<a class=\"edgtf-pli-up-arrow\" href=\"#\"><i class=\"fa fa fa-chevron-up\"><\/i><\/a>\n\t\t\t\t<h2 itemprop=\"name\" class=\"edgtf-pli-title entry-title\"><a href=\"https:\/\/quorumgraphics.com\/index.php\/portfolio-item\/shadows\/\">De agencia<\/a><\/h2>\n\t\t\t\t\n\t\t\t\t<div class=\"edgtf-pli-date\">January 4, 2018<\/div>\n\t\t\t\t\n\t\t\t\t<div class=\"edgtf-pli-info-holder\">\n\t\t\t\t\t\t\t\t\t\t\t<p itemprop=\"description\" class=\"edgtf-pli-excerpt\">Lorem ipsum dolor sit amet, conse uer adipiscing elit, sed diam nonum nibhie euismod. Facilisis at vero eros et msan et <\/p>\n\t\t\t\t\t\t\t\t\t\t\n\t\t\t\t\t\t\t\t\t\t\t<div class=\"edgtf-pli-category-info edgtf-pli-info\">\n\t\t\t\t\t\t\t<h5 class=\"edgtf-pli-info-title\">Category:<\/h5>\n\t\t\t\t\t\t\t<p>\n\t\t\t\t\t\t\t\t\t\t\t\t\t\t\t\t\t<a itemprop=\"url\" href=\"https:\/\/quorumgraphics.com\/index.php\/portfolio-category\/photography\/\">Photography<\/a>\n\t\t\t\t\t\t\t\t\t\t\t\t\t\t\t<\/p>\n\t\t\t\t\t\t<\/div>\n\t\t\t\t\t\t\t\t\t\t\n\t\t\t\t\t<div class=\"edgtf-pli-date-info edgtf-pli-info\">\n\t\t\t\t\t\t<h5 class=\"edgtf-pli-info-title\">Date:<\/h5>\n\t\t\t\t\t\t<p>January 4, 2018<\/p>\n\t\t\t\t\t<\/div>\n\t\t\t\t\t\n\t\t\t\t\t\t\t\t\t\t\t<div class=\"edgtf-pli-tag-info edgtf-pli-info\">\n\t\t\t\t\t\t\t<h5 class=\"edgtf-pli-info-title\">Tag:<\/h5>\n\t\t\t\t\t\t\t<p>\n\t\t\t\t\t\t\t\t\t\t\t\t\t\t\t\t\t<a itemprop=\"url\" href=\"https:\/\/quorumgraphics.com\/index.php\/portfolio-tag\/creative\/\">Creative<\/a>\n\t\t\t\t\t\t\t\t\t\t\t\t\t\t\t<\/p>\n\t\t\t\t\t\t<\/div>\n\t\t\t\t\t\t\t\t\t\t\n\t\t\t\t\t\t\t\t\t<\/div>\n\t\t\t<\/div>\n\t\t<\/div>\n\t<\/div>\n<\/div>\n\t\t<a itemprop=\"url\" class=\"edgtf-pli-link edgtf-block-drag-link\" href=\"https:\/\/quorumgraphics.com\/index.php\/portfolio-item\/shadows\/\" target=\"_self\"><\/a>\n\t<\/div>\n<\/article><article class=\"edgtf-pl-item edgtf-item-space  swiper-slide post-737 portfolio-item type-portfolio-item status-publish has-post-thumbnail hentry portfolio-category-photography portfolio-tag-creative\">\n\t<div class=\"edgtf-pl-item-inner\">\n\t\t<div class=\"edgtf-pli-image\" style=\"background-image:url(https:\/\/quorumgraphics.com\/wp-content\/uploads\/2018\/01\/evento.jpg)\"><\/div>\n<div class=\"edgtf-pli-text-holder\">\n\t<div class=\"edgtf-pli-text-wrapper\">\n\t\t<div class=\"edgtf-pli-text\">\n\t\t\t<div class=\"edgtf-pli-text-inner\">\n\t\t\t\t<a class=\"edgtf-pli-up-arrow\" href=\"#\"><i class=\"fa fa fa-chevron-up\"><\/i><\/a>\n\t\t\t\t<h2 itemprop=\"name\" class=\"edgtf-pli-title entry-title\"><a href=\"https:\/\/quorumgraphics.com\/index.php\/portfolio-item\/night-riding\/\">Wedding<\/a><\/h2>\n\t\t\t\t\n\t\t\t\t<div class=\"edgtf-pli-date\">January 4, 2018<\/div>\n\t\t\t\t\n\t\t\t\t<div class=\"edgtf-pli-info-holder\">\n\t\t\t\t\t\t\t\t\t\t\t<p itemprop=\"description\" class=\"edgtf-pli-excerpt\">Lorem ipsum dolor sit amet, conse uer adipiscing elit, sed diam nonum nibhie euismod. Facilisis at vero eros et msan et <\/p>\n\t\t\t\t\t\t\t\t\t\t\n\t\t\t\t\t\t\t\t\t\t\t<div class=\"edgtf-pli-category-info edgtf-pli-info\">\n\t\t\t\t\t\t\t<h5 class=\"edgtf-pli-info-title\">Category:<\/h5>\n\t\t\t\t\t\t\t<p>\n\t\t\t\t\t\t\t\t\t\t\t\t\t\t\t\t\t<a itemprop=\"url\" href=\"https:\/\/quorumgraphics.com\/index.php\/portfolio-category\/photography\/\">Photography<\/a>\n\t\t\t\t\t\t\t\t\t\t\t\t\t\t\t<\/p>\n\t\t\t\t\t\t<\/div>\n\t\t\t\t\t\t\t\t\t\t\n\t\t\t\t\t<div class=\"edgtf-pli-date-info edgtf-pli-info\">\n\t\t\t\t\t\t<h5 class=\"edgtf-pli-info-title\">Date:<\/h5>\n\t\t\t\t\t\t<p>January 4, 2018<\/p>\n\t\t\t\t\t<\/div>\n\t\t\t\t\t\n\t\t\t\t\t\t\t\t\t\t\t<div class=\"edgtf-pli-tag-info edgtf-pli-info\">\n\t\t\t\t\t\t\t<h5 class=\"edgtf-pli-info-title\">Tag:<\/h5>\n\t\t\t\t\t\t\t<p>\n\t\t\t\t\t\t\t\t\t\t\t\t\t\t\t\t\t<a itemprop=\"url\" href=\"https:\/\/quorumgraphics.com\/index.php\/portfolio-tag\/creative\/\">Creative<\/a>\n\t\t\t\t\t\t\t\t\t\t\t\t\t\t\t<\/p>\n\t\t\t\t\t\t<\/div>\n\t\t\t\t\t\t\t\t\t\t\n\t\t\t\t\t\t\t\t\t<\/div>\n\t\t\t<\/div>\n\t\t<\/div>\n\t<\/div>\n<\/div>\n\t\t<a itemprop=\"url\" class=\"edgtf-pli-link edgtf-block-drag-link\" href=\"https:\/\/quorumgraphics.com\/index.php\/portfolio-item\/night-riding\/\" target=\"_self\"><\/a>\n\t<\/div>\n<\/article><article class=\"edgtf-pl-item edgtf-item-space  swiper-slide post-734 portfolio-item type-portfolio-item status-publish has-post-thumbnail hentry portfolio-category-photography portfolio-tag-creative\">\n\t<div class=\"edgtf-pl-item-inner\">\n\t\t<div class=\"edgtf-pli-image\" style=\"background-image:url(https:\/\/quorumgraphics.com\/wp-content\/uploads\/2018\/01\/home-02.jpg)\"><\/div>\n<div class=\"edgtf-pli-text-holder\">\n\t<div class=\"edgtf-pli-text-wrapper\">\n\t\t<div class=\"edgtf-pli-text\">\n\t\t\t<div class=\"edgtf-pli-text-inner\">\n\t\t\t\t<a class=\"edgtf-pli-up-arrow\" href=\"#\"><i class=\"fa fa fa-chevron-up\"><\/i><\/a>\n\t\t\t\t<h2 itemprop=\"name\" class=\"edgtf-pli-title entry-title\"><a href=\"https:\/\/quorumgraphics.com\/index.php\/portfolio-item\/de-autor\/\">De autor<\/a><\/h2>\n\t\t\t\t\n\t\t\t\t<div class=\"edgtf-pli-date\">January 5, 2021<\/div>\n\t\t\t\t\n\t\t\t\t<div class=\"edgtf-pli-info-holder\">\n\t\t\t\t\t\t\t\t\t\t\t<p itemprop=\"description\" class=\"edgtf-pli-excerpt\">Se muestra el trabajo m\u00e1s amplio del fot\u00f3grafo con cierta coherencia est\u00e9tica, dejando totalmente...<\/p>\n\t\t\t\t\t\t\t\t\t\t\n\t\t\t\t\t\t\t\t\t\t\t<div class=\"edgtf-pli-category-info edgtf-pli-info\">\n\t\t\t\t\t\t\t<h5 class=\"edgtf-pli-info-title\">Category:<\/h5>\n\t\t\t\t\t\t\t<p>\n\t\t\t\t\t\t\t\t\t\t\t\t\t\t\t\t\t<a itemprop=\"url\" href=\"https:\/\/quorumgraphics.com\/index.php\/portfolio-category\/photography\/\">Photography<\/a>\n\t\t\t\t\t\t\t\t\t\t\t\t\t\t\t<\/p>\n\t\t\t\t\t\t<\/div>\n\t\t\t\t\t\t\t\t\t\t\n\t\t\t\t\t<div class=\"edgtf-pli-date-info edgtf-pli-info\">\n\t\t\t\t\t\t<h5 class=\"edgtf-pli-info-title\">Date:<\/h5>\n\t\t\t\t\t\t<p>January 5, 2021<\/p>\n\t\t\t\t\t<\/div>\n\t\t\t\t\t\n\t\t\t\t\t\t\t\t\t\t\t<div class=\"edgtf-pli-tag-info edgtf-pli-info\">\n\t\t\t\t\t\t\t<h5 class=\"edgtf-pli-info-title\">Tag:<\/h5>\n\t\t\t\t\t\t\t<p>\n\t\t\t\t\t\t\t\t\t\t\t\t\t\t\t\t\t<a itemprop=\"url\" href=\"https:\/\/quorumgraphics.com\/index.php\/portfolio-tag\/creative\/\">Creative<\/a>\n\t\t\t\t\t\t\t\t\t\t\t\t\t\t\t<\/p>\n\t\t\t\t\t\t<\/div>\n\t\t\t\t\t\t\t\t\t\t\n\t\t\t\t\t\t\t\t\t<\/div>\n\t\t\t<\/div>\n\t\t<\/div>\n\t<\/div>\n<\/div>\n\t\t<a itemprop=\"url\" class=\"edgtf-pli-link edgtf-block-drag-link\" href=\"https:\/\/quorumgraphics.com\/index.php\/portfolio-item\/de-autor\/\" target=\"_self\"><\/a>\n\t<\/div>\n<\/article>\t\t\t\t\t<\/div>\n\t\t\t\t\t\t\t<span class=\"edgtf-prev\"><span class=\"edgtf-prev-icon fa fa-chevron-top\"><\/span><\/span>\n\t\t\t\t<span class=\"edgtf-next\"><span class=\"edgtf-next-icon fa fa-chevron-bottom\"><\/span><\/span>\n\t\t\t\t\t\t<\/div>\n\t\t\t<div id=\"edgtf-ptf-info-block\">\n\t\t\t\t<div class=\"edgtf-pli-text-holder\">\n\t\t\t\t\t<div class=\"edgtf-pli-text-wrapper\">\n\t\t\t\t\t\t<div class=\"edgtf-pli-text\">\n\t\t\t\t\t\t\t<div class=\"edgtf-pli-text-inner\">\n\t\t\t\t\t\t\t\t<a class=\"edgtf-pli-up-arrow\" href=\"#\"><i class=\"fa fa fa-chevron-up\"><\/i><\/a>\n\t\t\t\t\t\t\t\t<h2 itemprop=\"name\" class=\"edgtf-pli-title entry-title\"><\/h2>\n\t\t\t\t\t\t\t\t<div class=\"edgtf-pli-date\"><\/div>\n\t\t\t\t\t\t\t\t<div class=\"edgtf-pli-info-holder\">\n\t\t\t\t\t\t\t\t\t<p itemprop=\"description\" class=\"edgtf-pli-excerpt\"><\/p>\n\t\t\t\t\t\t\t\t\t<div class=\"edgtf-pli-category-info edgtf-pli-info\">\n\t\t\t\t\t\t\t\t\t\t<h5 class=\"edgtf-pli-info-title\">Category:<\/h5>\n\t\t\t\t\t\t\t\t\t\t<p><a itemprop=\"url\" href=\"#\"><\/a><\/p>\n\t\t\t\t\t\t\t\t\t<\/div>\n\t\t\t\t\t\t\t\t\t<div class=\"edgtf-pli-date-info edgtf-pli-info\">\n\t\t\t\t\t\t\t\t\t\t<h5 class=\"edgtf-pli-info-title\">Date:<\/h5>\n\t\t\t\t\t\t\t\t\t\t<p><\/p>\n\t\t\t\t\t\t\t\t\t<\/div>\n\t\t\t\t\t\t\t\t\t<div class=\"edgtf-pli-tag-info edgtf-pli-info\">\n\t\t\t\t\t\t\t\t\t\t<h5 class=\"edgtf-pli-info-title\">Tag:<\/h5>\n\t\t\t\t\t\t\t\t\t\t<p><a itemprop=\"url\" href=\"#\"><\/a><\/p>\n\t\t\t\t\t\t\t\t\t<\/div>\n\t\t\t\t\t\t\t\t\t<div class=\"edgtf-pli-share-info edgtf-pli-info\">\n\t\t\t\t\t\t\t\t\t\t<h4 class=\"edgtf-pli-share-title\">Share<\/h4>\n\t\t\t\t\t\t\t\t\t\t<div class=\"edgtf-social-share-holder edgtf-list\">\n\t\t\t\t\t\t\t\t\t\t\t<ul>\n\t\t\t\t\t\t\t\t\t\t\t<\/ul>\n\t\t\t\t\t\t\t\t\t\t<\/div>\n\t\t\t\t\t\t\t\t\t<\/div>\n\t\t\t\t\t\t\t\t<\/div>\n\t\t\t\t\t\t\t<\/div>\n\t\t\t\t\t\t<\/div>\n\t\t\t\t\t<\/div>\n\t\t\t\t<\/div>\n\t\t\t<\/div>\n\t\t\t<\/div>\n\t<\/div><\/div>[\/vc_column][\/vc_row]<\/p>\n<\/div>","protected":false},"excerpt":{"rendered":"<p>[vc_row][vc_column][\/vc_column][\/vc_row]<\/p>\n","protected":false},"author":1,"featured_media":0,"parent":0,"menu_order":0,"comment_status":"closed","ping_status":"closed","template":"full-width.php","meta":{"footnotes":""},"class_list":["post-731","page","type-page","status-publish","hentry"],"yoast_head":"<!-- This site is optimized with the Yoast SEO plugin v27.5 - https:\/\/yoast.com\/product\/yoast-seo-wordpress\/ -->\n<title>by Shiloh - Qu\u00f3rum Dise\u00f1o<\/title>\n<meta name=\"description\" content=\"A\u00fan no s\u00e9 quien soy, pero quiero seguir si\u00e9ndolo hasta descubrirlo.\" \/>\n<meta name=\"robots\" content=\"index, follow, max-snippet:-1, max-image-preview:large, max-video-preview:-1\" \/>\n<link rel=\"canonical\" href=\"https:\/\/quorumgraphics.com\/index.php\/by-shiloh\/\" \/>\n<meta property=\"og:locale\" content=\"en_US\" \/>\n<meta property=\"og:type\" content=\"article\" \/>\n<meta property=\"og:title\" content=\"by Shiloh - Qu\u00f3rum Dise\u00f1o\" \/>\n<meta property=\"og:description\" content=\"A\u00fan no s\u00e9 quien soy, pero quiero seguir si\u00e9ndolo hasta descubrirlo.\" \/>\n<meta property=\"og:url\" content=\"https:\/\/quorumgraphics.com\/index.php\/by-shiloh\/\" \/>\n<meta property=\"og:site_name\" content=\"Qu\u00f3rum Dise\u00f1o\" \/>\n<meta property=\"article:modified_time\" content=\"2021-01-05T03:43:54+00:00\" \/>\n<meta name=\"twitter:card\" content=\"summary_large_image\" \/>\n<script type=\"application\/ld+json\" class=\"yoast-schema-graph\">{\"@context\":\"https:\\\/\\\/schema.org\",\"@graph\":[{\"@type\":\"WebPage\",\"@id\":\"https:\\\/\\\/quorumgraphics.com\\\/index.php\\\/by-shiloh\\\/\",\"url\":\"https:\\\/\\\/quorumgraphics.com\\\/index.php\\\/by-shiloh\\\/\",\"name\":\"by Shiloh - Qu\u00f3rum Dise\u00f1o\",\"isPartOf\":{\"@id\":\"https:\\\/\\\/quorumgraphics.com\\\/#website\"},\"datePublished\":\"2018-01-04T08:13:17+00:00\",\"dateModified\":\"2021-01-05T03:43:54+00:00\",\"description\":\"A\u00fan no s\u00e9 quien soy, pero quiero seguir si\u00e9ndolo hasta descubrirlo.\",\"breadcrumb\":{\"@id\":\"https:\\\/\\\/quorumgraphics.com\\\/index.php\\\/by-shiloh\\\/#breadcrumb\"},\"inLanguage\":\"en-US\",\"potentialAction\":[{\"@type\":\"ReadAction\",\"target\":[\"https:\\\/\\\/quorumgraphics.com\\\/index.php\\\/by-shiloh\\\/\"]}]},{\"@type\":\"BreadcrumbList\",\"@id\":\"https:\\\/\\\/quorumgraphics.com\\\/index.php\\\/by-shiloh\\\/#breadcrumb\",\"itemListElement\":[{\"@type\":\"ListItem\",\"position\":1,\"name\":\"Home\",\"item\":\"https:\\\/\\\/quorumgraphics.com\\\/\"},{\"@type\":\"ListItem\",\"position\":2,\"name\":\"by Shiloh\"}]},{\"@type\":\"WebSite\",\"@id\":\"https:\\\/\\\/quorumgraphics.com\\\/#website\",\"url\":\"https:\\\/\\\/quorumgraphics.com\\\/\",\"name\":\"Qu\u00f3rum Dise\u00f1o\",\"description\":\"quorumgraphics\",\"potentialAction\":[{\"@type\":\"SearchAction\",\"target\":{\"@type\":\"EntryPoint\",\"urlTemplate\":\"https:\\\/\\\/quorumgraphics.com\\\/?s={search_term_string}\"},\"query-input\":{\"@type\":\"PropertyValueSpecification\",\"valueRequired\":true,\"valueName\":\"search_term_string\"}}],\"inLanguage\":\"en-US\"}]}<\/script>\n<!-- \/ Yoast SEO plugin. -->","yoast_head_json":{"title":"by Shiloh - Qu\u00f3rum Dise\u00f1o","description":"A\u00fan no s\u00e9 quien soy, pero quiero seguir si\u00e9ndolo hasta descubrirlo.","robots":{"index":"index","follow":"follow","max-snippet":"max-snippet:-1","max-image-preview":"max-image-preview:large","max-video-preview":"max-video-preview:-1"},"canonical":"https:\/\/quorumgraphics.com\/index.php\/by-shiloh\/","og_locale":"en_US","og_type":"article","og_title":"by Shiloh - Qu\u00f3rum Dise\u00f1o","og_description":"A\u00fan no s\u00e9 quien soy, pero quiero seguir si\u00e9ndolo hasta descubrirlo.","og_url":"https:\/\/quorumgraphics.com\/index.php\/by-shiloh\/","og_site_name":"Qu\u00f3rum Dise\u00f1o","article_modified_time":"2021-01-05T03:43:54+00:00","twitter_card":"summary_large_image","schema":{"@context":"https:\/\/schema.org","@graph":[{"@type":"WebPage","@id":"https:\/\/quorumgraphics.com\/index.php\/by-shiloh\/","url":"https:\/\/quorumgraphics.com\/index.php\/by-shiloh\/","name":"by Shiloh - Qu\u00f3rum Dise\u00f1o","isPartOf":{"@id":"https:\/\/quorumgraphics.com\/#website"},"datePublished":"2018-01-04T08:13:17+00:00","dateModified":"2021-01-05T03:43:54+00:00","description":"A\u00fan no s\u00e9 quien soy, pero quiero seguir si\u00e9ndolo hasta descubrirlo.","breadcrumb":{"@id":"https:\/\/quorumgraphics.com\/index.php\/by-shiloh\/#breadcrumb"},"inLanguage":"en-US","potentialAction":[{"@type":"ReadAction","target":["https:\/\/quorumgraphics.com\/index.php\/by-shiloh\/"]}]},{"@type":"BreadcrumbList","@id":"https:\/\/quorumgraphics.com\/index.php\/by-shiloh\/#breadcrumb","itemListElement":[{"@type":"ListItem","position":1,"name":"Home","item":"https:\/\/quorumgraphics.com\/"},{"@type":"ListItem","position":2,"name":"by Shiloh"}]},{"@type":"WebSite","@id":"https:\/\/quorumgraphics.com\/#website","url":"https:\/\/quorumgraphics.com\/","name":"Qu\u00f3rum Dise\u00f1o","description":"quorumgraphics","potentialAction":[{"@type":"SearchAction","target":{"@type":"EntryPoint","urlTemplate":"https:\/\/quorumgraphics.com\/?s={search_term_string}"},"query-input":{"@type":"PropertyValueSpecification","valueRequired":true,"valueName":"search_term_string"}}],"inLanguage":"en-US"}]}},"_links":{"self":[{"href":"https:\/\/quorumgraphics.com\/index.php\/wp-json\/wp\/v2\/pages\/731","targetHints":{"allow":["GET"]}}],"collection":[{"href":"https:\/\/quorumgraphics.com\/index.php\/wp-json\/wp\/v2\/pages"}],"about":[{"href":"https:\/\/quorumgraphics.com\/index.php\/wp-json\/wp\/v2\/types\/page"}],"author":[{"embeddable":true,"href":"https:\/\/quorumgraphics.com\/index.php\/wp-json\/wp\/v2\/users\/1"}],"replies":[{"embeddable":true,"href":"https:\/\/quorumgraphics.com\/index.php\/wp-json\/wp\/v2\/comments?post=731"}],"version-history":[{"count":4,"href":"https:\/\/quorumgraphics.com\/index.php\/wp-json\/wp\/v2\/pages\/731\/revisions"}],"predecessor-version":[{"id":3455,"href":"https:\/\/quorumgraphics.com\/index.php\/wp-json\/wp\/v2\/pages\/731\/revisions\/3455"}],"wp:attachment":[{"href":"https:\/\/quorumgraphics.com\/index.php\/wp-json\/wp\/v2\/media?parent=731"}],"curies":[{"name":"wp","href":"https:\/\/api.w.org\/{rel}","templated":true}]}}